{"id":188,"date":"2021-10-14T00:51:51","date_gmt":"2021-10-14T00:51:51","guid":{"rendered":"https:\/\/cloudmidia.com.br\/wp3\/?page_id=188"},"modified":"2023-01-10T14:21:36","modified_gmt":"2023-01-10T14:21:36","slug":"courses","status":"publish","type":"page","link":"https:\/\/backup.littlebrasilclub.com\/pt\/courses\/","title":{"rendered":"Kids classes"},"content":{"rendered":"<div data-elementor-type=\"wp-page\" data-elementor-id=\"188\" class=\"elementor elementor-188\">\n\t\t\t\t\t\t<section class=\"elementor-section elementor-top-section elementor-element elementor-element-004eea5 elementor-section-boxed elementor-section-height-default elementor-section-height-default\" data-id=\"004eea5\" data-element_type=\"section\" data-e-type=\"section\" data-settings=\"{&quot;background_background&quot;:&quot;classic&quot;}\">\n\t\t\t\t\t\t<div class=\"elementor-container elementor-column-gap-default\">\n\t\t\t\t\t<div class=\"elementor-column elementor-col-100 elementor-top-column elementor-element elementor-element-271b816\" data-id=\"271b816\" data-element_type=\"column\" data-e-type=\"column\">\n\t\t\t<div class=\"elementor-widget-wrap elementor-element-populated\">\n\t\t\t\t\t\t<div class=\"elementor-element elementor-element-0a8fee5 elementor-widget elementor-widget-heading\" data-id=\"0a8fee5\" data-element_type=\"widget\" data-e-type=\"widget\" data-widget_type=\"heading.default\">\n\t\t\t\t<div class=\"elementor-widget-container\">\n\t\t\t\t\t<h2 class=\"elementor-heading-title elementor-size-default\">Kids classes<\/h2>\t\t\t\t<\/div>\n\t\t\t\t<\/div>\n\t\t\t\t\t<\/div>\n\t\t<\/div>\n\t\t\t\t\t<\/div>\n\t\t<\/section>\n\t\t\t\t<section class=\"elementor-section elementor-top-section elementor-element elementor-element-bd8b24b elementor-section-boxed elementor-section-height-default elementor-section-height-default\" data-id=\"bd8b24b\" data-element_type=\"section\" data-e-type=\"section\">\n\t\t\t\t\t\t<div class=\"elementor-container elementor-column-gap-default\">\n\t\t\t\t\t<div class=\"elementor-column elementor-col-100 elementor-top-column elementor-element elementor-element-242a252\" data-id=\"242a252\" data-element_type=\"column\" data-e-type=\"column\">\n\t\t\t<div class=\"elementor-widget-wrap elementor-element-populated\">\n\t\t\t\t\t\t<div class=\"elementor-element elementor-element-8c6a5b7 elementor-widget elementor-widget-heading\" data-id=\"8c6a5b7\" data-element_type=\"widget\" data-e-type=\"widget\" data-widget_type=\"heading.default\">\n\t\t\t\t<div class=\"elementor-widget-container\">\n\t\t\t\t\t<h2 class=\"elementor-heading-title elementor-size-default\">Kids Programs<\/h2>\t\t\t\t<\/div>\n\t\t\t\t<\/div>\n\t\t\t\t<div class=\"elementor-element elementor-element-f9e030c elementor-widget elementor-widget-text-editor\" data-id=\"f9e030c\" data-element_type=\"widget\" data-e-type=\"widget\" data-widget_type=\"text-editor.default\">\n\t\t\t\t<div class=\"elementor-widget-container\">\n\t\t\t\t\t\t\t\t\t<p>Nosso programa do Little Brasil , depois da escola \u00e9 a melhor maneira para seu filho aprender brincando a l\u00edngua de heran\u00e7a com conforto em um ambiente seguro e agrad\u00e1vel ele ter\u00e1 a oportunidade de fazer atividades descontra\u00eddas sempre acompanhado de um profissional capacitado, tamb\u00e9m ter\u00e1 orienta\u00e7\u00e3o em seu homework, facilitando assim a vida dos pais.<\/p>\t\t\t\t\t\t\t\t<\/div>\n\t\t\t\t<\/div>\n\t\t\t\t<div class=\"elementor-element elementor-element-d5c8ec8 elementor-widget elementor-widget-text-editor\" data-id=\"d5c8ec8\" data-element_type=\"widget\" data-e-type=\"widget\" data-widget_type=\"text-editor.default\">\n\t\t\t\t<div class=\"elementor-widget-container\">\n\t\t\t\t\t\t\t\t\t<p><span style=\"font-family: Roboto, sans-serif; font-size: 18px; font-style: normal; font-variant-ligatures: normal; font-variant-caps: normal; font-weight: 400;\">Nosso espa\u00e7o de integra\u00e7\u00e3o est\u00e1 adaptado para muitas brincadeiras e atividades diferenciadas.<\/span><\/p>\t\t\t\t\t\t\t\t<\/div>\n\t\t\t\t<\/div>\n\t\t\t\t\t<\/div>\n\t\t<\/div>\n\t\t\t\t\t<\/div>\n\t\t<\/section>\n\t\t\t\t<section class=\"elementor-section elementor-top-section elementor-element elementor-element-7613a88 elementor-section-boxed elementor-section-height-default elementor-section-height-default\" data-id=\"7613a88\" data-element_type=\"section\" data-e-type=\"section\">\n\t\t\t\t\t\t<div class=\"elementor-container elementor-column-gap-default\">\n\t\t\t\t\t<div class=\"elementor-column elementor-col-50 elementor-top-column elementor-element elementor-element-5607554\" data-id=\"5607554\" data-element_type=\"column\" data-e-type=\"column\">\n\t\t\t<div class=\"elementor-widget-wrap elementor-element-populated\">\n\t\t\t\t\t\t<div class=\"elementor-element elementor-element-a38e930 elementor-widget elementor-widget-image\" data-id=\"a38e930\" data-element_type=\"widget\" data-e-type=\"widget\" data-widget_type=\"image.default\">\n\t\t\t\t<div class=\"elementor-widget-container\">\n\t\t\t\t\t\t\t\t\t\t\t\t\t\t\t<img fetchpriority=\"high\" decoding=\"async\" width=\"768\" height=\"678\" src=\"https:\/\/backup.littlebrasilclub.com\/wp-content\/uploads\/2021\/12\/O6VORN0-768x678.jpg\" class=\"attachment-medium_large size-medium_large wp-image-1101\" alt=\"\" srcset=\"https:\/\/backup.littlebrasilclub.com\/wp-content\/uploads\/2021\/12\/O6VORN0-768x678.jpg 768w, https:\/\/backup.littlebrasilclub.com\/wp-content\/uploads\/2021\/12\/O6VORN0-300x265.jpg 300w, https:\/\/backup.littlebrasilclub.com\/wp-content\/uploads\/2021\/12\/O6VORN0-1024x903.jpg 1024w, https:\/\/backup.littlebrasilclub.com\/wp-content\/uploads\/2021\/12\/O6VORN0-1536x1355.jpg 1536w, https:\/\/backup.littlebrasilclub.com\/wp-content\/uploads\/2021\/12\/O6VORN0-2048x1807.jpg 2048w, https:\/\/backup.littlebrasilclub.com\/wp-content\/uploads\/2021\/12\/O6VORN0-14x12.jpg 14w\" sizes=\"(max-width: 768px) 100vw, 768px\" \/>\t\t\t\t\t\t\t\t\t\t\t\t\t\t\t<\/div>\n\t\t\t\t<\/div>\n\t\t\t\t\t<\/div>\n\t\t<\/div>\n\t\t\t\t<div class=\"elementor-column elementor-col-50 elementor-top-column elementor-element elementor-element-065b3fe\" data-id=\"065b3fe\" data-element_type=\"column\" data-e-type=\"column\">\n\t\t\t<div class=\"elementor-widget-wrap elementor-element-populated\">\n\t\t\t\t\t\t<div class=\"elementor-element elementor-element-0d89f5c elementor-widget elementor-widget-text-editor\" data-id=\"0d89f5c\" data-element_type=\"widget\" data-e-type=\"widget\" data-widget_type=\"text-editor.default\">\n\t\t\t\t<div class=\"elementor-widget-container\">\n\t\t\t\t\t\t\t\t\t<div class=\"col-md-12 service-box service-icon-left-more\"><div class=\"service-content\"><div class=\"col-md-12 service-box service-icon-left-more\"><div class=\"service-content\"><p>Os conte\u00fados pedag\u00f3gicos foram desenvolvidos por idades e a partir de projetos e brincadeiras did\u00e1ticas envolvendo a cultura brasileira, m\u00fasica, culin\u00e1ria e jogos verbais para que tenham contato com o vocabul\u00e1rio de maneira espont\u00e2nea e prazerosa. Os alunos ser\u00e3o capazes de ler e escrever em portugu\u00eas para que possam participar ativamente de tudo que for proposto.<\/p><\/div><ul><li><p>Os programas ser\u00e3o diferenciados para cada grupo de idades:<\/p><\/li><li><p><strong>5 to 10 years, 6 to 8 years and 9 to 11 years.<\/strong><\/p><\/li><\/ul><\/div><div class=\"col-md-12 service-box service-icon-left-more\"><div class=\"service-content\">\u00a0<\/div><\/div><\/div><\/div>\t\t\t\t\t\t\t\t<\/div>\n\t\t\t\t<\/div>\n\t\t\t\t\t<\/div>\n\t\t<\/div>\n\t\t\t\t\t<\/div>\n\t\t<\/section>\n\t\t\t\t<section class=\"elementor-section elementor-top-section elementor-element elementor-element-17e610a elementor-section-boxed elementor-section-height-default elementor-section-height-default\" data-id=\"17e610a\" data-element_type=\"section\" data-e-type=\"section\">\n\t\t\t\t\t\t<div class=\"elementor-container elementor-column-gap-default\">\n\t\t\t\t\t<div class=\"elementor-column elementor-col-100 elementor-top-column elementor-element elementor-element-b92942e\" data-id=\"b92942e\" data-element_type=\"column\" data-e-type=\"column\">\n\t\t\t<div class=\"elementor-widget-wrap elementor-element-populated\">\n\t\t\t\t\t\t<div class=\"elementor-element elementor-element-2f1e091 elementor-widget elementor-widget-text-editor\" data-id=\"2f1e091\" data-element_type=\"widget\" data-e-type=\"widget\" data-widget_type=\"text-editor.default\">\n\t\t\t\t<div class=\"elementor-widget-container\">\n\t\t\t\t\t\t\t\t\t<div class=\"col-md-12 service-box service-icon-left-more\"><div class=\"service-content\"><p>A pr\u00f3xima fase com as idades de 12 a 14 anos as etapas tornam se diferentes, a proposta de integra\u00e7\u00e3o e di\u00e1logos com a l\u00edngua portuguesa passam a ser intensificados com atividades mais diferenciadas com o meio de interesse deles.<\/p><\/div><\/div><div class=\"col-md-12 service-box service-icon-left-more\"><div class=\"service-content\"><h4>Equipe especializada<\/h4><p>Educadores especialistas em artes, m\u00fasica em l\u00edngua portuguesa e inglesa e com forma\u00e7\u00f5es em metodologia educacional.<\/p><\/div><\/div>\t\t\t\t\t\t\t\t<\/div>\n\t\t\t\t<\/div>\n\t\t\t\t\t<\/div>\n\t\t<\/div>\n\t\t\t\t\t<\/div>\n\t\t<\/section>\n\t\t\t\t<\/div>","protected":false},"excerpt":{"rendered":"<p>Kids classes Kids Programs Our\u00a0Little Brazil\u00a0program after school is the best way for your child to learn to play the language of inheritance with comfort in a safe and enjoyable environment. Opportunity to do relaxed activities always accompanied by a qualified professional, will also have guidance in his homework, thus facilitating the life of the [&hellip;]<\/p>","protected":false},"author":1,"featured_media":0,"parent":0,"menu_order":0,"comment_status":"closed","ping_status":"closed","template":"elementor_header_footer","meta":{"footnotes":""},"class_list":["post-188","page","type-page","status-publish","hentry","entry"],"_links":{"self":[{"href":"https:\/\/backup.littlebrasilclub.com\/pt\/wp-json\/wp\/v2\/pages\/188","targetHints":{"allow":["GET"]}}],"collection":[{"href":"https:\/\/backup.littlebrasilclub.com\/pt\/wp-json\/wp\/v2\/pages"}],"about":[{"href":"https:\/\/backup.littlebrasilclub.com\/pt\/wp-json\/wp\/v2\/types\/page"}],"author":[{"embeddable":true,"href":"https:\/\/backup.littlebrasilclub.com\/pt\/wp-json\/wp\/v2\/users\/1"}],"replies":[{"embeddable":true,"href":"https:\/\/backup.littlebrasilclub.com\/pt\/wp-json\/wp\/v2\/comments?post=188"}],"version-history":[{"count":36,"href":"https:\/\/backup.littlebrasilclub.com\/pt\/wp-json\/wp\/v2\/pages\/188\/revisions"}],"predecessor-version":[{"id":2125,"href":"https:\/\/backup.littlebrasilclub.com\/pt\/wp-json\/wp\/v2\/pages\/188\/revisions\/2125"}],"wp:attachment":[{"href":"https:\/\/backup.littlebrasilclub.com\/pt\/wp-json\/wp\/v2\/media?parent=188"}],"curies":[{"name":"wp","href":"https:\/\/api.w.org\/{rel}","templated":true}]}}