{"id":182,"date":"2021-10-14T00:48:17","date_gmt":"2021-10-14T00:48:17","guid":{"rendered":"https:\/\/cloudmidia.com.br\/wp3\/?page_id=182"},"modified":"2021-12-07T04:37:28","modified_gmt":"2021-12-07T04:37:28","slug":"who-we-are","status":"publish","type":"page","link":"https:\/\/backup.littlebrasilclub.com\/pt\/who-we-are\/","title":{"rendered":"Quem somos"},"content":{"rendered":"<div data-elementor-type=\"wp-page\" data-elementor-id=\"182\" class=\"elementor elementor-182\">\n\t\t\t\t\t\t<section class=\"elementor-section elementor-top-section elementor-element elementor-element-0331d35 elementor-section-boxed elementor-section-height-default elementor-section-height-default\" data-id=\"0331d35\" data-element_type=\"section\" data-e-type=\"section\" data-settings=\"{&quot;background_background&quot;:&quot;classic&quot;}\">\n\t\t\t\t\t\t<div class=\"elementor-container elementor-column-gap-default\">\n\t\t\t\t\t<div class=\"elementor-column elementor-col-100 elementor-top-column elementor-element elementor-element-7c2d020\" data-id=\"7c2d020\" data-element_type=\"column\" data-e-type=\"column\">\n\t\t\t<div class=\"elementor-widget-wrap elementor-element-populated\">\n\t\t\t\t\t\t<div class=\"elementor-element elementor-element-3eb6e48 elementor-widget elementor-widget-heading\" data-id=\"3eb6e48\" data-element_type=\"widget\" data-e-type=\"widget\" data-widget_type=\"heading.default\">\n\t\t\t\t<div class=\"elementor-widget-container\">\n\t\t\t\t\t<h2 class=\"elementor-heading-title elementor-size-default\">Quem somos<\/h2>\t\t\t\t<\/div>\n\t\t\t\t<\/div>\n\t\t\t\t\t<\/div>\n\t\t<\/div>\n\t\t\t\t\t<\/div>\n\t\t<\/section>\n\t\t\t\t<section class=\"elementor-section elementor-top-section elementor-element elementor-element-422d87b elementor-section-boxed elementor-section-height-default elementor-section-height-default\" data-id=\"422d87b\" data-element_type=\"section\" data-e-type=\"section\">\n\t\t\t\t\t\t<div class=\"elementor-container elementor-column-gap-default\">\n\t\t\t\t\t<div class=\"elementor-column elementor-col-50 elementor-top-column elementor-element elementor-element-66d8e44\" data-id=\"66d8e44\" data-element_type=\"column\" data-e-type=\"column\">\n\t\t\t<div class=\"elementor-widget-wrap elementor-element-populated\">\n\t\t\t\t\t\t<div class=\"elementor-element elementor-element-97f2baf elementor-widget elementor-widget-image\" data-id=\"97f2baf\" data-element_type=\"widget\" data-e-type=\"widget\" data-widget_type=\"image.default\">\n\t\t\t\t<div class=\"elementor-widget-container\">\n\t\t\t\t\t\t\t\t\t\t\t\t\t\t\t<img fetchpriority=\"high\" decoding=\"async\" width=\"1024\" height=\"754\" src=\"https:\/\/backup.littlebrasilclub.com\/wp-content\/uploads\/2021\/12\/WhatsApp-Image-2021-12-06-at-14.29.28-1024x754.jpeg\" class=\"attachment-large size-large wp-image-1883\" alt=\"\" srcset=\"https:\/\/backup.littlebrasilclub.com\/wp-content\/uploads\/2021\/12\/WhatsApp-Image-2021-12-06-at-14.29.28-1024x754.jpeg 1024w, https:\/\/backup.littlebrasilclub.com\/wp-content\/uploads\/2021\/12\/WhatsApp-Image-2021-12-06-at-14.29.28-300x221.jpeg 300w, https:\/\/backup.littlebrasilclub.com\/wp-content\/uploads\/2021\/12\/WhatsApp-Image-2021-12-06-at-14.29.28-768x565.jpeg 768w, https:\/\/backup.littlebrasilclub.com\/wp-content\/uploads\/2021\/12\/WhatsApp-Image-2021-12-06-at-14.29.28-16x12.jpeg 16w, https:\/\/backup.littlebrasilclub.com\/wp-content\/uploads\/2021\/12\/WhatsApp-Image-2021-12-06-at-14.29.28.jpeg 1170w\" sizes=\"(max-width: 1024px) 100vw, 1024px\" \/>\t\t\t\t\t\t\t\t\t\t\t\t\t\t\t<\/div>\n\t\t\t\t<\/div>\n\t\t\t\t\t<\/div>\n\t\t<\/div>\n\t\t\t\t<div class=\"elementor-column elementor-col-50 elementor-top-column elementor-element elementor-element-ab28442\" data-id=\"ab28442\" data-element_type=\"column\" data-e-type=\"column\">\n\t\t\t<div class=\"elementor-widget-wrap elementor-element-populated\">\n\t\t\t\t\t\t<div class=\"elementor-element elementor-element-4492b2e elementor-widget elementor-widget-text-editor\" data-id=\"4492b2e\" data-element_type=\"widget\" data-e-type=\"widget\" data-widget_type=\"text-editor.default\">\n\t\t\t\t<div class=\"elementor-widget-container\">\n\t\t\t\t\t\t\t\t\t<p>O Decision Learning Center \u00e9 um espa\u00e7o de aprendizado voltado para o ensino f\u00e1cil e din\u00e2mico do Portugu\u00eas e Ingl\u00eas. O DLC surge aqui em Orlando, embasado numa trajet\u00f3ria de sucesso desde 1987 de experi\u00eancia educacional no Brasil com ensino de experi\u00eancia para crian\u00e7as, adolescentes e adultos.<\/p><p>O DLC tem como objetivo desenvolver a integra\u00e7\u00e3o entre a comunidade brasileira e americana por meio do ensino da l\u00edngua e uma forma simples, contextualizada para a pr\u00e1tica de atitudes motivadoras.<\/p><p>Nosso espa\u00e7o tem como um diferencial o Club Little Brasil, que \u00e9 um departamento totalmente destinado para crian\u00e7as e adolescentes que tem como objetivo principal promover o valor da l\u00edngua de heran\u00e7a e da cultura brasileira. O Club Little Brasil tem como diferencial sua proposta l\u00fadica onde a crian\u00e7a aprende brincando. Ela ser\u00e1 estimulada por meio da m\u00fasica, das cantigas de roda, das dan\u00e7as e das atividades artisticas, para desenvolver as habilidades da escrita, da literatura e express\u00e3o oral.<\/p>\t\t\t\t\t\t\t\t<\/div>\n\t\t\t\t<\/div>\n\t\t\t\t\t<\/div>\n\t\t<\/div>\n\t\t\t\t\t<\/div>\n\t\t<\/section>\n\t\t\t\t<\/div>","protected":false},"excerpt":{"rendered":"<p>How we are The\u00a0Decision Learning Center\u00a0is a learning space focusing on dynamic and interactive Portuguese and English classes. The\u00a0DLC\u00a0is here in Orlando, based on a successful trajectory for 1987 of educational experience in Brazil with experience teaching for children, adolescentens and adults. DLC\u00a0aims to develop integration between the Brazilian and American communities through the teaching [&hellip;]<\/p>","protected":false},"author":1,"featured_media":0,"parent":0,"menu_order":0,"comment_status":"closed","ping_status":"closed","template":"elementor_header_footer","meta":{"footnotes":""},"class_list":["post-182","page","type-page","status-publish","hentry","entry"],"_links":{"self":[{"href":"https:\/\/backup.littlebrasilclub.com\/pt\/wp-json\/wp\/v2\/pages\/182","targetHints":{"allow":["GET"]}}],"collection":[{"href":"https:\/\/backup.littlebrasilclub.com\/pt\/wp-json\/wp\/v2\/pages"}],"about":[{"href":"https:\/\/backup.littlebrasilclub.com\/pt\/wp-json\/wp\/v2\/types\/page"}],"author":[{"embeddable":true,"href":"https:\/\/backup.littlebrasilclub.com\/pt\/wp-json\/wp\/v2\/users\/1"}],"replies":[{"embeddable":true,"href":"https:\/\/backup.littlebrasilclub.com\/pt\/wp-json\/wp\/v2\/comments?post=182"}],"version-history":[{"count":41,"href":"https:\/\/backup.littlebrasilclub.com\/pt\/wp-json\/wp\/v2\/pages\/182\/revisions"}],"predecessor-version":[{"id":1994,"href":"https:\/\/backup.littlebrasilclub.com\/pt\/wp-json\/wp\/v2\/pages\/182\/revisions\/1994"}],"wp:attachment":[{"href":"https:\/\/backup.littlebrasilclub.com\/pt\/wp-json\/wp\/v2\/media?parent=182"}],"curies":[{"name":"wp","href":"https:\/\/api.w.org\/{rel}","templated":true}]}}