{"id":1078,"date":"2021-12-04T20:42:27","date_gmt":"2021-12-04T20:42:27","guid":{"rendered":"https:\/\/littlebrasil.club\/site\/?page_id=1078"},"modified":"2021-12-07T04:42:39","modified_gmt":"2021-12-07T04:42:39","slug":"our-methodolgy","status":"publish","type":"page","link":"https:\/\/backup.littlebrasilclub.com\/pt\/our-methodolgy\/","title":{"rendered":"Nossa metodologia"},"content":{"rendered":"<div data-elementor-type=\"wp-page\" data-elementor-id=\"1078\" class=\"elementor elementor-1078\">\n\t\t\t\t\t\t<section class=\"elementor-section elementor-top-section elementor-element elementor-element-8a0731c elementor-section-boxed elementor-section-height-default elementor-section-height-default\" data-id=\"8a0731c\" data-element_type=\"section\" data-e-type=\"section\" data-settings=\"{&quot;background_background&quot;:&quot;classic&quot;}\">\n\t\t\t\t\t\t<div class=\"elementor-container elementor-column-gap-default\">\n\t\t\t\t\t<div class=\"elementor-column elementor-col-100 elementor-top-column elementor-element elementor-element-7328852\" data-id=\"7328852\" data-element_type=\"column\" data-e-type=\"column\">\n\t\t\t<div class=\"elementor-widget-wrap elementor-element-populated\">\n\t\t\t\t\t\t<div class=\"elementor-element elementor-element-d2f2125 elementor-widget elementor-widget-heading\" data-id=\"d2f2125\" data-element_type=\"widget\" data-e-type=\"widget\" data-widget_type=\"heading.default\">\n\t\t\t\t<div class=\"elementor-widget-container\">\n\t\t\t\t\t<h2 class=\"elementor-heading-title elementor-size-default\">Nossa metodologia<\/h2>\t\t\t\t<\/div>\n\t\t\t\t<\/div>\n\t\t\t\t\t<\/div>\n\t\t<\/div>\n\t\t\t\t\t<\/div>\n\t\t<\/section>\n\t\t\t\t<section class=\"elementor-section elementor-top-section elementor-element elementor-element-a42aa8e elementor-section-boxed elementor-section-height-default elementor-section-height-default\" data-id=\"a42aa8e\" data-element_type=\"section\" data-e-type=\"section\">\n\t\t\t\t\t\t<div class=\"elementor-container elementor-column-gap-default\">\n\t\t\t\t\t<div class=\"elementor-column elementor-col-50 elementor-top-column elementor-element elementor-element-0468b72\" data-id=\"0468b72\" data-element_type=\"column\" data-e-type=\"column\">\n\t\t\t<div class=\"elementor-widget-wrap elementor-element-populated\">\n\t\t\t\t\t\t<div class=\"elementor-element elementor-element-d6cbe0b elementor-widget elementor-widget-heading\" data-id=\"d6cbe0b\" data-element_type=\"widget\" data-e-type=\"widget\" data-widget_type=\"heading.default\">\n\t\t\t\t<div class=\"elementor-widget-container\">\n\t\t\t\t\t<h2 class=\"elementor-heading-title elementor-size-default\">Nossa metodologia<\/h2>\t\t\t\t<\/div>\n\t\t\t\t<\/div>\n\t\t\t\t<div class=\"elementor-element elementor-element-4fe9f17 elementor-widget elementor-widget-text-editor\" data-id=\"4fe9f17\" data-element_type=\"widget\" data-e-type=\"widget\" data-widget_type=\"text-editor.default\">\n\t\t\t\t<div class=\"elementor-widget-container\">\n\t\t\t\t\t\t\t\t\t<p align=\"justify\">Nossa metodologia segue uma abordagem comunicativa, em que o Portugu\u00eas e o Ingl\u00eas \u00e9 apresentado e praticado da mesma maneira que \u00e9 utilizado na vida real, desenvolvendo todas as habilidades necess\u00e1rias como a escrita, leitura, express\u00e3o e compreens\u00e3o oral.<\/p><p>Nosso aluno recebe aten\u00e7\u00e3o personalizada, de modo a garantir o progresso e a supera\u00e7\u00e3o das dificuldades individuais.<\/p>\t\t\t\t\t\t\t\t<\/div>\n\t\t\t\t<\/div>\n\t\t\t\t\t<\/div>\n\t\t<\/div>\n\t\t\t\t<div class=\"elementor-column elementor-col-50 elementor-top-column elementor-element elementor-element-211acd1\" data-id=\"211acd1\" data-element_type=\"column\" data-e-type=\"column\">\n\t\t\t<div class=\"elementor-widget-wrap elementor-element-populated\">\n\t\t\t\t\t\t<section class=\"elementor-section elementor-inner-section elementor-element elementor-element-77ad439 elementor-section-boxed elementor-section-height-default elementor-section-height-default\" data-id=\"77ad439\" data-element_type=\"section\" data-e-type=\"section\">\n\t\t\t\t\t\t<div class=\"elementor-container elementor-column-gap-default\">\n\t\t\t\t\t<div class=\"elementor-column elementor-col-50 elementor-inner-column elementor-element elementor-element-5013412\" data-id=\"5013412\" data-element_type=\"column\" data-e-type=\"column\">\n\t\t\t<div class=\"elementor-widget-wrap elementor-element-populated\">\n\t\t\t\t\t\t<div class=\"elementor-element elementor-element-85cf9d3 elementor-widget elementor-widget-image\" data-id=\"85cf9d3\" data-element_type=\"widget\" data-e-type=\"widget\" data-widget_type=\"image.default\">\n\t\t\t\t<div class=\"elementor-widget-container\">\n\t\t\t\t\t\t\t\t\t\t\t\t\t\t\t<img fetchpriority=\"high\" decoding=\"async\" width=\"425\" height=\"282\" src=\"https:\/\/backup.littlebrasilclub.com\/wp-content\/uploads\/2021\/12\/01.jpg\" class=\"attachment-large size-large wp-image-1084\" alt=\"\" srcset=\"https:\/\/backup.littlebrasilclub.com\/wp-content\/uploads\/2021\/12\/01.jpg 425w, https:\/\/backup.littlebrasilclub.com\/wp-content\/uploads\/2021\/12\/01-300x199.jpg 300w, https:\/\/backup.littlebrasilclub.com\/wp-content\/uploads\/2021\/12\/01-18x12.jpg 18w\" sizes=\"(max-width: 425px) 100vw, 425px\" \/>\t\t\t\t\t\t\t\t\t\t\t\t\t\t\t<\/div>\n\t\t\t\t<\/div>\n\t\t\t\t\t<\/div>\n\t\t<\/div>\n\t\t\t\t<div class=\"elementor-column elementor-col-50 elementor-inner-column elementor-element elementor-element-59c5e0f\" data-id=\"59c5e0f\" data-element_type=\"column\" data-e-type=\"column\">\n\t\t\t<div class=\"elementor-widget-wrap elementor-element-populated\">\n\t\t\t\t\t\t<div class=\"elementor-element elementor-element-859d02b elementor-widget elementor-widget-image\" data-id=\"859d02b\" data-element_type=\"widget\" data-e-type=\"widget\" data-widget_type=\"image.default\">\n\t\t\t\t<div class=\"elementor-widget-container\">\n\t\t\t\t\t\t\t\t\t\t\t\t\t\t\t<img decoding=\"async\" width=\"425\" height=\"282\" src=\"https:\/\/backup.littlebrasilclub.com\/wp-content\/uploads\/2021\/12\/02.jpg\" class=\"attachment-large size-large wp-image-1085\" alt=\"\" srcset=\"https:\/\/backup.littlebrasilclub.com\/wp-content\/uploads\/2021\/12\/02.jpg 425w, https:\/\/backup.littlebrasilclub.com\/wp-content\/uploads\/2021\/12\/02-300x199.jpg 300w, https:\/\/backup.littlebrasilclub.com\/wp-content\/uploads\/2021\/12\/02-18x12.jpg 18w\" sizes=\"(max-width: 425px) 100vw, 425px\" \/>\t\t\t\t\t\t\t\t\t\t\t\t\t\t\t<\/div>\n\t\t\t\t<\/div>\n\t\t\t\t\t<\/div>\n\t\t<\/div>\n\t\t\t\t\t<\/div>\n\t\t<\/section>\n\t\t\t\t<section class=\"elementor-section elementor-inner-section elementor-element elementor-element-be84c06 elementor-section-boxed elementor-section-height-default elementor-section-height-default\" data-id=\"be84c06\" data-element_type=\"section\" data-e-type=\"section\">\n\t\t\t\t\t\t<div class=\"elementor-container elementor-column-gap-default\">\n\t\t\t\t\t<div class=\"elementor-column elementor-col-50 elementor-inner-column elementor-element elementor-element-d21694c\" data-id=\"d21694c\" data-element_type=\"column\" data-e-type=\"column\">\n\t\t\t<div class=\"elementor-widget-wrap elementor-element-populated\">\n\t\t\t\t\t\t<div class=\"elementor-element elementor-element-f0fe4f3 elementor-widget elementor-widget-image\" data-id=\"f0fe4f3\" data-element_type=\"widget\" data-e-type=\"widget\" data-widget_type=\"image.default\">\n\t\t\t\t<div class=\"elementor-widget-container\">\n\t\t\t\t\t\t\t\t\t\t\t\t\t\t\t<img decoding=\"async\" width=\"425\" height=\"282\" src=\"https:\/\/backup.littlebrasilclub.com\/wp-content\/uploads\/2021\/12\/03.jpg\" class=\"attachment-large size-large wp-image-1086\" alt=\"\" srcset=\"https:\/\/backup.littlebrasilclub.com\/wp-content\/uploads\/2021\/12\/03.jpg 425w, https:\/\/backup.littlebrasilclub.com\/wp-content\/uploads\/2021\/12\/03-300x199.jpg 300w, https:\/\/backup.littlebrasilclub.com\/wp-content\/uploads\/2021\/12\/03-18x12.jpg 18w\" sizes=\"(max-width: 425px) 100vw, 425px\" \/>\t\t\t\t\t\t\t\t\t\t\t\t\t\t\t<\/div>\n\t\t\t\t<\/div>\n\t\t\t\t\t<\/div>\n\t\t<\/div>\n\t\t\t\t<div class=\"elementor-column elementor-col-50 elementor-inner-column elementor-element elementor-element-7b7414b\" data-id=\"7b7414b\" data-element_type=\"column\" data-e-type=\"column\">\n\t\t\t<div class=\"elementor-widget-wrap elementor-element-populated\">\n\t\t\t\t\t\t<div class=\"elementor-element elementor-element-1cd67b2 elementor-widget elementor-widget-image\" data-id=\"1cd67b2\" data-element_type=\"widget\" data-e-type=\"widget\" data-widget_type=\"image.default\">\n\t\t\t\t<div class=\"elementor-widget-container\">\n\t\t\t\t\t\t\t\t\t\t\t\t\t\t\t<img loading=\"lazy\" decoding=\"async\" width=\"425\" height=\"282\" src=\"https:\/\/backup.littlebrasilclub.com\/wp-content\/uploads\/2021\/12\/04.jpg\" class=\"attachment-large size-large wp-image-1087\" alt=\"\" srcset=\"https:\/\/backup.littlebrasilclub.com\/wp-content\/uploads\/2021\/12\/04.jpg 425w, https:\/\/backup.littlebrasilclub.com\/wp-content\/uploads\/2021\/12\/04-300x199.jpg 300w, https:\/\/backup.littlebrasilclub.com\/wp-content\/uploads\/2021\/12\/04-18x12.jpg 18w\" sizes=\"(max-width: 425px) 100vw, 425px\" \/>\t\t\t\t\t\t\t\t\t\t\t\t\t\t\t<\/div>\n\t\t\t\t<\/div>\n\t\t\t\t\t<\/div>\n\t\t<\/div>\n\t\t\t\t\t<\/div>\n\t\t<\/section>\n\t\t\t\t\t<\/div>\n\t\t<\/div>\n\t\t\t\t\t<\/div>\n\t\t<\/section>\n\t\t\t\t<\/div>","protected":false},"excerpt":{"rendered":"<p>Our methodology Our methodology Our methodology follows a communicative approach, in which Portuguese and English are presented and practiced in the same way as they are used in real life, developing all necessary skills such as writing, reading, speaking and listening. Our students have their basic needs met and them engage in the learning process.<\/p>","protected":false},"author":1,"featured_media":0,"parent":0,"menu_order":0,"comment_status":"closed","ping_status":"closed","template":"elementor_header_footer","meta":{"footnotes":""},"class_list":["post-1078","page","type-page","status-publish","hentry","entry"],"_links":{"self":[{"href":"https:\/\/backup.littlebrasilclub.com\/pt\/wp-json\/wp\/v2\/pages\/1078","targetHints":{"allow":["GET"]}}],"collection":[{"href":"https:\/\/backup.littlebrasilclub.com\/pt\/wp-json\/wp\/v2\/pages"}],"about":[{"href":"https:\/\/backup.littlebrasilclub.com\/pt\/wp-json\/wp\/v2\/types\/page"}],"author":[{"embeddable":true,"href":"https:\/\/backup.littlebrasilclub.com\/pt\/wp-json\/wp\/v2\/users\/1"}],"replies":[{"embeddable":true,"href":"https:\/\/backup.littlebrasilclub.com\/pt\/wp-json\/wp\/v2\/comments?post=1078"}],"version-history":[{"count":16,"href":"https:\/\/backup.littlebrasilclub.com\/pt\/wp-json\/wp\/v2\/pages\/1078\/revisions"}],"predecessor-version":[{"id":2006,"href":"https:\/\/backup.littlebrasilclub.com\/pt\/wp-json\/wp\/v2\/pages\/1078\/revisions\/2006"}],"wp:attachment":[{"href":"https:\/\/backup.littlebrasilclub.com\/pt\/wp-json\/wp\/v2\/media?parent=1078"}],"curies":[{"name":"wp","href":"https:\/\/api.w.org\/{rel}","templated":true}]}}